{"id":55,"date":"2026-02-19T17:46:23","date_gmt":"2026-02-19T17:46:23","guid":{"rendered":"https:\/\/madleina.ch\/wordpress\/?page_id=55"},"modified":"2026-02-21T18:20:37","modified_gmt":"2026-02-21T17:20:37","slug":"ueber-mich","status":"publish","type":"page","link":"https:\/\/madleina.ch\/wordpress\/ueber-mich\/","title":{"rendered":"\u00dcber mich"},"content":{"rendered":"\n<div class=\"wp-block-media-text is-stacked-on-mobile\"><figure class=\"wp-block-media-text__media\"><img decoding=\"async\" src=\"https:\/\/madleina.ch\/wordpress\/wp-content\/uploads\/2026\/02\/7022-klein.jpg\" alt=\"\" class=\"wp-image-107 size-full\"\/><\/figure><div class=\"wp-block-media-text__content\">\n<p><strong>S\u00e4ngerin &#8211; Pianistin &#8211; Organistin &#8211; Dirigentin<\/strong><\/p>\n\n\n\n<p>F\u00fcr mich ist Musik ein Weg, R\u00e4ume mit Emotionen zu f\u00fcllen.<br>Ich spiele Orgel und Klavier, singe und leite Ch\u00f6re. Dabei steht nicht meine Person im Mittelpunkt, sondern die Musik, der Anlass und die Menschen, f\u00fcr die ich musiziere.<br><br>W\u00e4hrend ich urspr\u00fcnglich im Jazz und Pop beheimatet bin, gilt meine tiefe Bewunderung auch der klassischen Musik. Durch langj\u00e4hrigen klassischen Unterricht und meinen Weg mit der Kirchenmusik habe ich eine unglaubliche Faszination und Wertsch\u00e4tzung f\u00fcr die Komplexit\u00e4t und Tradition der Musik der letzten Jahrhunderte entwickelt.&nbsp;<br>Dar\u00fcber hinaus liegen mir Volkslieder aus verschiedensten Kulturen besonders am Herzen. Durch ihre einfachen Texte und Melodien sind sie nahbar. Sie erz\u00e4hlen oft pers\u00f6nliche und doch zeitlose Geschichten, die mich tief ber\u00fchren.<br><br>Ob im Gottesdienst, im Konzert oder bei einem besonderen Anlass: Entscheidend ist f\u00fcr mich, dass die Musik passt \u2013 zum Raum, zum Moment und zu den Menschen.<\/p>\n<\/div><\/div>\n","protected":false},"excerpt":{"rendered":"<p>S\u00e4ngerin &#8211; Pianistin &#8211; Organistin &#8211; Dirigentin F\u00fcr mich ist Musik ein Weg, R\u00e4ume mit Emotionen zu f\u00fcllen.Ich spiele Orgel [&hellip;]<\/p>\n","protected":false},"author":1,"featured_media":0,"parent":0,"menu_order":0,"comment_status":"closed","ping_status":"closed","template":"","meta":{"footnotes":""},"class_list":["post-55","page","type-page","status-publish","hentry"],"_links":{"self":[{"href":"https:\/\/madleina.ch\/wordpress\/wp-json\/wp\/v2\/pages\/55","targetHints":{"allow":["GET"]}}],"collection":[{"href":"https:\/\/madleina.ch\/wordpress\/wp-json\/wp\/v2\/pages"}],"about":[{"href":"https:\/\/madleina.ch\/wordpress\/wp-json\/wp\/v2\/types\/page"}],"author":[{"embeddable":true,"href":"https:\/\/madleina.ch\/wordpress\/wp-json\/wp\/v2\/users\/1"}],"replies":[{"embeddable":true,"href":"https:\/\/madleina.ch\/wordpress\/wp-json\/wp\/v2\/comments?post=55"}],"version-history":[{"count":4,"href":"https:\/\/madleina.ch\/wordpress\/wp-json\/wp\/v2\/pages\/55\/revisions"}],"predecessor-version":[{"id":108,"href":"https:\/\/madleina.ch\/wordpress\/wp-json\/wp\/v2\/pages\/55\/revisions\/108"}],"wp:attachment":[{"href":"https:\/\/madleina.ch\/wordpress\/wp-json\/wp\/v2\/media?parent=55"}],"curies":[{"name":"wp","href":"https:\/\/api.w.org\/{rel}","templated":true}]}}